{"id":13363,"date":"2022-01-31T20:26:33","date_gmt":"2022-01-31T20:26:33","guid":{"rendered":"https:\/\/familiari.agmonk.info\/?page_id=13363"},"modified":"2022-08-29T18:16:28","modified_gmt":"2022-08-29T18:16:28","slug":"tratamentos","status":"publish","type":"page","link":"https:\/\/familiari.agmonk.info\/index.php\/tratamentos\/","title":{"rendered":"Tratamentos"},"content":{"rendered":"<p>[vc_section pix_over_visibility=&#8221;&#8221; responsive_css=&#8221;{&#8220;pix_res_sm_pt&#8220;:&#8220;20&#8220;,&#8220;pix_res_sm_pb&#8220;:&#8220;20&#8220;,&#8220;pix_res_md_pt&#8220;:&#8220;40&#8220;,&#8220;pix_res_md_pb&#8220;:&#8220;40&#8220;}&#8221; css=&#8221;.vc_custom_1661284091916{padding-top: 0px !important;padding-bottom: 100px !important;}&#8221; el_id=&#8221;pix_section_services&#8221;][vc_row content_placement=&#8221;middle&#8221; pix_particles_check=&#8221;&#8221;][vc_column width=&#8221;1\/2&#8243;]<div id=\"el1604781013506-03511be0-2d48\" class=\"text-left  vc_custom_1645810017598\"><h2 class=\"text-heading-default\"  data-anim-type=\"\" data-anim-delay=\"0\"><span class=\"font-weight-normal  heading-font\">Tratamentos Odontol\u00f3gicos em <\/span><span class=\"font-weight-normal  heading-font\">Campo Mour\u00e3o<\/span><\/br><span class=\"pix-highlighted-text  font-weight-normal  font-weight-bold heading-font el1604781013506-03511be0-2d48-2 animate-in\" data-anim-type=\"highlight-grow\" data-anim-delay=\"200\">para sua fam\u00edlia<\/span><\/br><\/h2><\/div>[\/vc_column][vc_column width=&#8221;1\/2&#8243;]<div class=\"pix-el-text slide-in-container2 w-100   vc_custom_1645810038661\" ><p class=\"text-20  text-body-default  \" >Somos uma cl\u00ednica multidisciplinar de excel\u00eancia em odontologia, tecnologicamente preparada para a solu\u00e7\u00e3o e manuten\u00e7\u00e3o de qualquer situa\u00e7\u00e3o odontol\u00f3gica levando \u00e0s pessoas que procuram seguran\u00e7a, conforto e acolhimento, um atendimento que tem o cuidado ao ser humano como o ponto focal principal, por isso nossa equipe e estrutura \u00e9 preparada para esta experi\u00eancia.<\/p><\/div>[\/vc_column][\/vc_row][vc_row pix_particles_check=&#8221;&#8221; css=&#8221;.vc_custom_1645822273259{padding-top: 50px !important;}&#8221;][vc_column width=&#8221;1\/3&#8243;]<div class=\"card pix-content-box pix-card-element bg-white2 rounded-xl   vc_custom_1661363696151  rounded-10  overflow-hidden fly-sm  animate-in \" data-anim-delay=\"100\" data-anim-type=\"fade-in\"><a  href=\"https:\/\/familiari.agmonk.info\/index.php\/implantes\/\"><img decoding=\"async\" src=\"https:\/\/familiari.agmonk.info\/wp-content\/plugins\/pixfort-core\/functions\/images\/loading.webp\"   data-srcset=\"https:\/\/familiari.agmonk.info\/wp-content\/uploads\/2022\/08\/1-300x194.jpg 300w, https:\/\/familiari.agmonk.info\/wp-content\/uploads\/2022\/08\/1-768x497.jpg 768w, https:\/\/familiari.agmonk.info\/wp-content\/uploads\/2022\/08\/1-622x400.jpg 622w, https:\/\/familiari.agmonk.info\/wp-content\/uploads\/2022\/08\/1.jpg 802w\" data-src=\"https:\/\/familiari.agmonk.info\/wp-content\/uploads\/2022\/08\/1.jpg\" class=\"pix-lazy\" loading=\"lazy\" alt=\"Implantes\"><\/a><div class=\"card-body py-3\"><h6 style=\"\" class=\"card-title font-weight-bold text-heading-default\">Implantes<\/h6><p class=\"card-text text-body-default \">Somos especialistas em devolver dentes fixos e o implante dent\u00e1rio \u00e9 o tratamento mais moderno e atual...<\/p><\/div><div class=\"card-footer text-right\"><a  href=\"https:\/\/familiari.agmonk.info\/index.php\/implantes\/\" class=\"d-flex align-items-center justify-content-end font-weight-bold text-body-default text-sm\"><span class=\"d-inline-block\">Saiba mais<\/span><i class=\"pixicon-angle-right ml-2\"><\/i><\/a><\/div><\/div>[\/vc_column][vc_column width=&#8221;1\/3&#8243;]<div class=\"card pix-content-box pix-card-element bg-white2 rounded-xl   vc_custom_1661363707906  rounded-10  overflow-hidden fly-sm  animate-in \" data-anim-delay=\"200\" data-anim-type=\"fade-in\"><a  href=\"https:\/\/familiari.agmonk.info\/index.php\/lentes-de-contato\/\"><img decoding=\"async\" src=\"https:\/\/familiari.agmonk.info\/wp-content\/plugins\/pixfort-core\/functions\/images\/loading.webp\"   data-srcset=\"https:\/\/familiari.agmonk.info\/wp-content\/uploads\/2022\/08\/2-300x194.jpg 300w, https:\/\/familiari.agmonk.info\/wp-content\/uploads\/2022\/08\/2-768x497.jpg 768w, https:\/\/familiari.agmonk.info\/wp-content\/uploads\/2022\/08\/2-622x400.jpg 622w, https:\/\/familiari.agmonk.info\/wp-content\/uploads\/2022\/08\/2.jpg 802w\" data-src=\"https:\/\/familiari.agmonk.info\/wp-content\/uploads\/2022\/08\/2.jpg\" class=\"pix-lazy\" loading=\"lazy\" alt=\"Lentes de Contato\"><\/a><div class=\"card-body py-3\"><h6 style=\"\" class=\"card-title font-weight-bold text-heading-default\">Lentes de Contato<\/h6><p class=\"card-text text-body-default \">A lente de contato dental traz mais vida ao sorriso, a t\u00e9cnica \u00e9 conhecida como \u201csorriso de artista\u201d.<\/p><\/div><div class=\"card-footer text-right\"><a  href=\"https:\/\/familiari.agmonk.info\/index.php\/lentes-de-contato\/\" class=\"d-flex align-items-center justify-content-end font-weight-bold text-body-default text-sm\"><span class=\"d-inline-block\">Saiba Mais<\/span><i class=\"pixicon-angle-right ml-2\"><\/i><\/a><\/div><\/div>[\/vc_column][vc_column width=&#8221;1\/3&#8243;]<div class=\"card pix-content-box pix-card-element bg-white2 rounded-xl   vc_custom_1661363719724  rounded-10  overflow-hidden fly-sm  animate-in \" data-anim-delay=\"300\" data-anim-type=\"fade-in\"><a  href=\"https:\/\/familiari.agmonk.info\/index.php\/cirurgia-do-siso\/\"><img decoding=\"async\" src=\"https:\/\/familiari.agmonk.info\/wp-content\/plugins\/pixfort-core\/functions\/images\/loading.webp\"   data-srcset=\"https:\/\/familiari.agmonk.info\/wp-content\/uploads\/2022\/08\/3-300x194.jpg 300w, https:\/\/familiari.agmonk.info\/wp-content\/uploads\/2022\/08\/3-768x497.jpg 768w, https:\/\/familiari.agmonk.info\/wp-content\/uploads\/2022\/08\/3-622x400.jpg 622w, https:\/\/familiari.agmonk.info\/wp-content\/uploads\/2022\/08\/3.jpg 802w\" data-src=\"https:\/\/familiari.agmonk.info\/wp-content\/uploads\/2022\/08\/3.jpg\" class=\"pix-lazy\" loading=\"lazy\" alt=\"Cirurgia do Siso\"><\/a><div class=\"card-body py-3\"><h6 style=\"\" class=\"card-title font-weight-bold text-heading-default\">Cirurgia do Siso<\/h6><p class=\"card-text text-body-default \">O dente do siso \u00e9 conhecido por causar problemas, seja pela dificuldade da higieniza\u00e7\u00e3o ou por falta de espa\u00e7o..<\/p><\/div><div class=\"card-footer text-right\"><a  href=\"https:\/\/familiari.agmonk.info\/index.php\/cirurgia-do-siso\/\" class=\"d-flex align-items-center justify-content-end font-weight-bold text-body-default text-sm\"><span class=\"d-inline-block\">Learn More<\/span><i class=\"pixicon-angle-right ml-2\"><\/i><\/a><\/div><\/div>[\/vc_column][\/vc_row][vc_row pix_particles_check=&#8221;&#8221; css=&#8221;.vc_custom_1645822095080{padding-top: 0px !important;}&#8221;][vc_column width=&#8221;1\/3&#8243;]<div class=\"card pix-content-box pix-card-element bg-white2 rounded-xl   vc_custom_1661796978051  rounded-10  overflow-hidden fly-sm  animate-in \" data-anim-delay=\"100\" data-anim-type=\"fade-in\"><a  href=\"https:\/\/familiari.agmonk.info\/index.php\/ortodontia\/\"><img decoding=\"async\" src=\"https:\/\/familiari.agmonk.info\/wp-content\/plugins\/pixfort-core\/functions\/images\/loading.webp\"   data-srcset=\"https:\/\/familiari.agmonk.info\/wp-content\/uploads\/2022\/08\/4-300x194.jpg 300w, https:\/\/familiari.agmonk.info\/wp-content\/uploads\/2022\/08\/4-768x497.jpg 768w, https:\/\/familiari.agmonk.info\/wp-content\/uploads\/2022\/08\/4-622x400.jpg 622w, https:\/\/familiari.agmonk.info\/wp-content\/uploads\/2022\/08\/4.jpg 802w\" data-src=\"https:\/\/familiari.agmonk.info\/wp-content\/uploads\/2022\/08\/4.jpg\" class=\"pix-lazy\" loading=\"lazy\" alt=\"Ortodontia\"><\/a><div class=\"card-body py-3\"><h6 style=\"\" class=\"card-title font-weight-bold text-heading-default\">Ortodontia<\/h6><p class=\"card-text text-body-default \">Voc\u00ea pode escolher o seu aparelho, temos desde os convencionais at\u00e9 os est\u00e9ticos. Nosso tratamento ortod\u00f4ntico \u00e9...<\/p><\/div><div class=\"card-footer text-right\"><a  href=\"https:\/\/familiari.agmonk.info\/index.php\/ortodontia\/\" class=\"d-flex align-items-center justify-content-end font-weight-bold text-body-default text-sm\"><span class=\"d-inline-block\">Saiba Mais<\/span><i class=\"pixicon-angle-right ml-2\"><\/i><\/a><\/div><\/div>[\/vc_column][vc_column width=&#8221;1\/3&#8243;]<div class=\"card pix-content-box pix-card-element bg-white2 rounded-xl   vc_custom_1661363772370  rounded-10  overflow-hidden fly-sm  animate-in \" data-anim-delay=\"200\" data-anim-type=\"fade-in\"><a  href=\"https:\/\/familiari.agmonk.info\/index.php\/clareamento-dental\/\"><img decoding=\"async\" src=\"https:\/\/familiari.agmonk.info\/wp-content\/plugins\/pixfort-core\/functions\/images\/loading.webp\"   data-srcset=\"https:\/\/familiari.agmonk.info\/wp-content\/uploads\/2022\/08\/5-300x194.jpg 300w, https:\/\/familiari.agmonk.info\/wp-content\/uploads\/2022\/08\/5-768x497.jpg 768w, https:\/\/familiari.agmonk.info\/wp-content\/uploads\/2022\/08\/5-622x400.jpg 622w, https:\/\/familiari.agmonk.info\/wp-content\/uploads\/2022\/08\/5.jpg 802w\" data-src=\"https:\/\/familiari.agmonk.info\/wp-content\/uploads\/2022\/08\/5.jpg\" class=\"pix-lazy\" loading=\"lazy\" alt=\"Restaura\u00e7\u00f5es\/Clareamento\"><\/a><div class=\"card-body py-3\"><h6 style=\"\" class=\"card-title font-weight-bold text-heading-default\">Restaura\u00e7\u00f5es\/Clareamento<\/h6><p class=\"card-text text-body-default \">Dentes mais brancos s\u00e3o poss\u00edveis! Para voc\u00ea que deseja um sorriso mais branco, o clareamento dental \u00e9 t\u00e9cnica ideal.<\/p><\/div><div class=\"card-footer text-right\"><a  href=\"https:\/\/familiari.agmonk.info\/index.php\/clareamento-dental\/\" class=\"d-flex align-items-center justify-content-end font-weight-bold text-body-default text-sm\"><span class=\"d-inline-block\">Saiba Mais<\/span><i class=\"pixicon-angle-right ml-2\"><\/i><\/a><\/div><\/div>[\/vc_column][vc_column width=&#8221;1\/3&#8243;]<div class=\"card pix-content-box pix-card-element bg-white2 rounded-xl   vc_custom_1661363782840  rounded-10  overflow-hidden fly-sm  animate-in \" data-anim-delay=\"300\" data-anim-type=\"fade-in\"><a  href=\"https:\/\/familiari.agmonk.info\/index.php\/protese-dentaria\/\"><img decoding=\"async\" src=\"https:\/\/familiari.agmonk.info\/wp-content\/plugins\/pixfort-core\/functions\/images\/loading.webp\"   data-srcset=\"https:\/\/familiari.agmonk.info\/wp-content\/uploads\/2022\/08\/6-300x194.jpg 300w, https:\/\/familiari.agmonk.info\/wp-content\/uploads\/2022\/08\/6-768x497.jpg 768w, https:\/\/familiari.agmonk.info\/wp-content\/uploads\/2022\/08\/6-622x400.jpg 622w, https:\/\/familiari.agmonk.info\/wp-content\/uploads\/2022\/08\/6.jpg 802w\" data-src=\"https:\/\/familiari.agmonk.info\/wp-content\/uploads\/2022\/08\/6.jpg\" class=\"pix-lazy\" loading=\"lazy\" alt=\"Pr\u00f3tese Dent\u00e1ria\"><\/a><div class=\"card-body py-3\"><h6 style=\"\" class=\"card-title font-weight-bold text-heading-default\">Pr\u00f3tese Dent\u00e1ria<\/h6><p class=\"card-text text-body-default \">Seja um ou todos os dentes perdidos \u00e9 poss\u00edvel por meio das pr\u00f3teses dent\u00e1rias devolver os dentes aos pacientes.<\/p><\/div><div class=\"card-footer text-right\"><a  href=\"https:\/\/familiari.agmonk.info\/index.php\/protese-dentaria\/\" class=\"d-flex align-items-center justify-content-end font-weight-bold text-body-default text-sm\"><span class=\"d-inline-block\">Saiba Mais<\/span><i class=\"pixicon-angle-right ml-2\"><\/i><\/a><\/div><\/div>[\/vc_column][\/vc_row][vc_row pix_particles_check=&#8221;&#8221;][vc_column width=&#8221;1\/3&#8243;]<div class=\"card pix-content-box pix-card-element bg-white2 rounded-xl   vc_custom_1661363794504  rounded-10  overflow-hidden fly-sm  animate-in \" data-anim-delay=\"100\" data-anim-type=\"fade-in\"><a  href=\"https:\/\/familiari.agmonk.info\/index.php\/dtm-atm\/\"><img decoding=\"async\" src=\"https:\/\/familiari.agmonk.info\/wp-content\/plugins\/pixfort-core\/functions\/images\/loading.webp\"   data-srcset=\"https:\/\/familiari.agmonk.info\/wp-content\/uploads\/2022\/08\/7-300x194.jpg 300w, https:\/\/familiari.agmonk.info\/wp-content\/uploads\/2022\/08\/7-768x497.jpg 768w, https:\/\/familiari.agmonk.info\/wp-content\/uploads\/2022\/08\/7-622x400.jpg 622w, https:\/\/familiari.agmonk.info\/wp-content\/uploads\/2022\/08\/7.jpg 802w\" data-src=\"https:\/\/familiari.agmonk.info\/wp-content\/uploads\/2022\/08\/7.jpg\" class=\"pix-lazy\" loading=\"lazy\" alt=\"DTM\/ATM\"><\/a><div class=\"card-body py-3\"><h6 style=\"\" class=\"card-title font-weight-bold text-heading-default\">DTM\/ATM<\/h6><p class=\"card-text text-body-default \">Tratamentos para Disfun\u00e7\u00f5es da Articula\u00e7\u00e3o Temporomandibular:  dores, desgastes e degenera\u00e7\u00e3o...<\/p><\/div><div class=\"card-footer text-right\"><a  href=\"https:\/\/familiari.agmonk.info\/index.php\/dtm-atm\/\" class=\"d-flex align-items-center justify-content-end font-weight-bold text-body-default text-sm\"><span class=\"d-inline-block\">Saiba Mais<\/span><i class=\"pixicon-angle-right ml-2\"><\/i><\/a><\/div><\/div>[\/vc_column][vc_column width=&#8221;1\/3&#8243;]<div class=\"card pix-content-box pix-card-element bg-white2 rounded-xl   vc_custom_1661363810323  rounded-10  overflow-hidden fly-sm  animate-in \" data-anim-delay=\"200\" data-anim-type=\"fade-in\"><a  href=\"https:\/\/familiari.agmonk.info\/index.php\/harmonizacao-facial\/\"><img decoding=\"async\" src=\"https:\/\/familiari.agmonk.info\/wp-content\/plugins\/pixfort-core\/functions\/images\/loading.webp\"   data-srcset=\"https:\/\/familiari.agmonk.info\/wp-content\/uploads\/2022\/08\/8-300x194.jpg 300w, https:\/\/familiari.agmonk.info\/wp-content\/uploads\/2022\/08\/8-768x497.jpg 768w, https:\/\/familiari.agmonk.info\/wp-content\/uploads\/2022\/08\/8-622x400.jpg 622w, https:\/\/familiari.agmonk.info\/wp-content\/uploads\/2022\/08\/8.jpg 802w\" data-src=\"https:\/\/familiari.agmonk.info\/wp-content\/uploads\/2022\/08\/8.jpg\" class=\"pix-lazy\" loading=\"lazy\" alt=\"Harmoniza\u00e7\u00e3o Facial\"><\/a><div class=\"card-body py-3\"><h6 style=\"\" class=\"card-title font-weight-bold text-heading-default\">Harmoniza\u00e7\u00e3o Facial<\/h6><p class=\"card-text text-body-default \">Diversas t\u00e9cnicas para real\u00e7ar sua beleza e trazer mais harmonia para seu rosto. Amenizar rugas, diminuir olheiras e mais...<\/p><\/div><div class=\"card-footer text-right\"><a  href=\"https:\/\/familiari.agmonk.info\/index.php\/harmonizacao-facial\/\" class=\"d-flex align-items-center justify-content-end font-weight-bold text-body-default text-sm\"><span class=\"d-inline-block\">Saiba Mais<\/span><i class=\"pixicon-angle-right ml-2\"><\/i><\/a><\/div><\/div>[\/vc_column][vc_column width=&#8221;1\/3&#8243;]<div class=\"card pix-content-box pix-card-element bg-white2 rounded-xl   vc_custom_1661363822468  rounded-10  overflow-hidden fly-sm  animate-in \" data-anim-delay=\"300\" data-anim-type=\"fade-in\"><a  href=\"https:\/\/familiari.agmonk.info\/index.php\/periodontia\/\"><img decoding=\"async\" src=\"https:\/\/familiari.agmonk.info\/wp-content\/plugins\/pixfort-core\/functions\/images\/loading.webp\"   data-srcset=\"https:\/\/familiari.agmonk.info\/wp-content\/uploads\/2022\/08\/9-300x194.jpg 300w, https:\/\/familiari.agmonk.info\/wp-content\/uploads\/2022\/08\/9-768x497.jpg 768w, https:\/\/familiari.agmonk.info\/wp-content\/uploads\/2022\/08\/9-622x400.jpg 622w, https:\/\/familiari.agmonk.info\/wp-content\/uploads\/2022\/08\/9.jpg 802w\" data-src=\"https:\/\/familiari.agmonk.info\/wp-content\/uploads\/2022\/08\/9.jpg\" class=\"pix-lazy\" loading=\"lazy\" alt=\"Periodontia\"><\/a><div class=\"card-body py-3\"><h6 style=\"\" class=\"card-title font-weight-bold text-heading-default\">Periodontia<\/h6><p class=\"card-text text-body-default \">Profissionais especializado para o tratamento de doen\u00e7as periodontais: como a gengivite e periodontite.<\/p><\/div><div class=\"card-footer text-right\"><a  href=\"https:\/\/familiari.agmonk.info\/index.php\/periodontia\/\" class=\"d-flex align-items-center justify-content-end font-weight-bold text-body-default text-sm\"><span class=\"d-inline-block\">Saiba Mais<\/span><i class=\"pixicon-angle-right ml-2\"><\/i><\/a><\/div><\/div>[\/vc_column][\/vc_row][vc_row pix_particles_check=&#8221;&#8221;][vc_column width=&#8221;1\/3&#8243;]<div class=\"card pix-content-box pix-card-element bg-white2 rounded-xl   vc_custom_1661363832307  rounded-10  overflow-hidden fly-sm  animate-in \" data-anim-delay=\"100\" data-anim-type=\"fade-in\"><a  href=\"https:\/\/familiari.agmonk.info\/index.php\/cirurgia-ortognatica\/\"><img decoding=\"async\" src=\"https:\/\/familiari.agmonk.info\/wp-content\/plugins\/pixfort-core\/functions\/images\/loading.webp\"   data-srcset=\"https:\/\/familiari.agmonk.info\/wp-content\/uploads\/2022\/08\/10-300x194.jpg 300w, https:\/\/familiari.agmonk.info\/wp-content\/uploads\/2022\/08\/10-768x497.jpg 768w, https:\/\/familiari.agmonk.info\/wp-content\/uploads\/2022\/08\/10-622x400.jpg 622w, https:\/\/familiari.agmonk.info\/wp-content\/uploads\/2022\/08\/10.jpg 802w\" data-src=\"https:\/\/familiari.agmonk.info\/wp-content\/uploads\/2022\/08\/10.jpg\" class=\"pix-lazy\" loading=\"lazy\" alt=\"Cirurgia Ortogn\u00e1tica\"><\/a><div class=\"card-body py-3\"><h6 style=\"\" class=\"card-title font-weight-bold text-heading-default\">Cirurgia Ortogn\u00e1tica<\/h6><p class=\"card-text text-body-default \">Capaz de restaurar a harmonia facial e a fun\u00e7\u00e3o mastigat\u00f3ria, \u00e9 uma t\u00e9cnica utilizada para corrigir altera\u00e7\u00f5es...<\/p><\/div><div class=\"card-footer text-right\"><a  href=\"https:\/\/familiari.agmonk.info\/index.php\/cirurgia-ortognatica\/\" class=\"d-flex align-items-center justify-content-end font-weight-bold text-body-default text-sm\"><span class=\"d-inline-block\">Saiba Mais<\/span><i class=\"pixicon-angle-right ml-2\"><\/i><\/a><\/div><\/div>[\/vc_column][vc_column width=&#8221;1\/3&#8243;]<div class=\"card pix-content-box pix-card-element bg-white2 rounded-xl   vc_custom_1661363840319  rounded-10  overflow-hidden fly-sm  animate-in \" data-anim-delay=\"200\" data-anim-type=\"fade-in\"><a  href=\"https:\/\/familiari.agmonk.info\/index.php\/odontopediatria\/\"><img decoding=\"async\" src=\"https:\/\/familiari.agmonk.info\/wp-content\/plugins\/pixfort-core\/functions\/images\/loading.webp\"   data-srcset=\"https:\/\/familiari.agmonk.info\/wp-content\/uploads\/2022\/08\/11-300x194.jpg 300w, https:\/\/familiari.agmonk.info\/wp-content\/uploads\/2022\/08\/11-768x497.jpg 768w, https:\/\/familiari.agmonk.info\/wp-content\/uploads\/2022\/08\/11-622x400.jpg 622w, https:\/\/familiari.agmonk.info\/wp-content\/uploads\/2022\/08\/11.jpg 802w\" data-src=\"https:\/\/familiari.agmonk.info\/wp-content\/uploads\/2022\/08\/11.jpg\" class=\"pix-lazy\" loading=\"lazy\" alt=\"Odontopediatria\"><\/a><div class=\"card-body py-3\"><h6 style=\"\" class=\"card-title font-weight-bold text-heading-default\">Odontopediatria<\/h6><p class=\"card-text text-body-default \">Temos um cuidado todo especial com seu beb\u00ea e sua crian\u00e7a! Em um ambiente colorido e l\u00fadico...<\/p><\/div><div class=\"card-footer text-right\"><a  href=\"https:\/\/familiari.agmonk.info\/index.php\/odontopediatria\/\" class=\"d-flex align-items-center justify-content-end font-weight-bold text-body-default text-sm\"><span class=\"d-inline-block\">Saiba Mais<\/span><i class=\"pixicon-angle-right ml-2\"><\/i><\/a><\/div><\/div>[\/vc_column][vc_column width=&#8221;1\/3&#8243;]<div class=\"card pix-content-box pix-card-element bg-white2 rounded-xl   vc_custom_1661363848037  rounded-10  overflow-hidden fly-sm  animate-in \" data-anim-delay=\"300\" data-anim-type=\"fade-in\"><a  href=\"https:\/\/familiari.agmonk.info\/index.php\/cirurgia-buco-maxilo-facial\/\"><img decoding=\"async\" src=\"https:\/\/familiari.agmonk.info\/wp-content\/plugins\/pixfort-core\/functions\/images\/loading.webp\"   data-srcset=\"https:\/\/familiari.agmonk.info\/wp-content\/uploads\/2022\/08\/12-300x194.jpg 300w, https:\/\/familiari.agmonk.info\/wp-content\/uploads\/2022\/08\/12-768x497.jpg 768w, https:\/\/familiari.agmonk.info\/wp-content\/uploads\/2022\/08\/12-622x400.jpg 622w, https:\/\/familiari.agmonk.info\/wp-content\/uploads\/2022\/08\/12.jpg 802w\" data-src=\"https:\/\/familiari.agmonk.info\/wp-content\/uploads\/2022\/08\/12.jpg\" class=\"pix-lazy\" loading=\"lazy\" alt=\"Cirurgia Buco-Maxilo-Facial\"><\/a><div class=\"card-body py-3\"><h6 style=\"\" class=\"card-title font-weight-bold text-heading-default\">Cirurgia Buco-Maxilo-Facial<\/h6><p class=\"card-text text-body-default \">Dr. Carlos Mecca, \u00e9 especialista e mestre em Cirurgia Buco Maxilo Facial, ele \u00e9 habilitado para tratar traumas de face...<\/p><\/div><div class=\"card-footer text-right\"><a  href=\"https:\/\/familiari.agmonk.info\/index.php\/cirurgia-buco-maxilo-facial\/\" class=\"d-flex align-items-center justify-content-end font-weight-bold text-body-default text-sm\"><span class=\"d-inline-block\">Saiba Mais<\/span><i class=\"pixicon-angle-right ml-2\"><\/i><\/a><\/div><\/div>[\/vc_column][\/vc_row][\/vc_section]<\/p>\n","protected":false},"excerpt":{"rendered":"[vc_section pix_over_visibility=&#8221;&#8221; responsive_css=&#8221;{&#8220;pix_res_sm_pt&#8220;:&#8220;20&#8220;,&#8220;pix_res_sm_pb&#8220;:&#8220;20&#8220;,&#8220;pix_res_md_pt&#8220;:&#8220;40&#8220;,&#8220;pix_res_md_pb&#8220;:&#8220;40&#8220;}&#8221; css=&#8221;.vc_custom_1661284091916{padding-top: 0px !important;padding-bottom: 100px !important;}&#8221; el_id=&#8221;pix_section_services&#8221;][vc_row content_placement=&#8221;middle&#8221; pix_particles_check=&#8221;&#8221;][vc_column width=&#8221;1\/2&#8243;][\/vc_column][vc_column width=&#8221;1\/2&#8243;][\/vc_column][\/vc_row][vc_row pix_particles_check=&#8221;&#8221; css=&#8221;.vc_custom_1645822273259{padding-top: 50px !important;}&#8221;][vc_column width=&#8221;1\/3&#8243;][\/vc_column][vc_column width=&#8221;1\/3&#8243;][\/vc_column][vc_column width=&#8221;1\/3&#8243;][\/vc_column][\/vc_row][vc_row pix_particles_check=&#8221;&#8221; css=&#8221;.vc_custom_1645822095080{padding-top: 0px !important;}&#8221;][vc_column width=&#8221;1\/3&#8243;][\/vc_column][vc_column width=&#8221;1\/3&#8243;][\/vc_column][vc_column width=&#8221;1\/3&#8243;][\/vc_column][\/vc_row][vc_row pix_particles_check=&#8221;&#8221;][vc_column width=&#8221;1\/3&#8243;][\/vc_column][vc_column width=&#8221;1\/3&#8243;][\/vc_column][vc_column width=&#8221;1\/3&#8243;][\/vc_column][\/vc_row][vc_row pix_particles_check=&#8221;&#8221;][vc_column width=&#8221;1\/3&#8243;][\/vc_column][vc_column width=&#8221;1\/3&#8243;][\/vc_column][vc_column width=&#8221;1\/3&#8243;][\/vc_column][\/vc_row][\/vc_section]","protected":false},"author":1,"featured_media":0,"parent":0,"menu_order":0,"comment_status":"closed","ping_status":"closed","template":"","meta":{"footnotes":""},"class_list":["post-13363","page","type-page","status-publish","hentry"],"_links":{"self":[{"href":"https:\/\/familiari.agmonk.info\/index.php\/wp-json\/wp\/v2\/pages\/13363","targetHints":{"allow":["GET"]}}],"collection":[{"href":"https:\/\/familiari.agmonk.info\/index.php\/wp-json\/wp\/v2\/pages"}],"about":[{"href":"https:\/\/familiari.agmonk.info\/index.php\/wp-json\/wp\/v2\/types\/page"}],"author":[{"embeddable":true,"href":"https:\/\/familiari.agmonk.info\/index.php\/wp-json\/wp\/v2\/users\/1"}],"replies":[{"embeddable":true,"href":"https:\/\/familiari.agmonk.info\/index.php\/wp-json\/wp\/v2\/comments?post=13363"}],"version-history":[{"count":23,"href":"https:\/\/familiari.agmonk.info\/index.php\/wp-json\/wp\/v2\/pages\/13363\/revisions"}],"predecessor-version":[{"id":13676,"href":"https:\/\/familiari.agmonk.info\/index.php\/wp-json\/wp\/v2\/pages\/13363\/revisions\/13676"}],"wp:attachment":[{"href":"https:\/\/familiari.agmonk.info\/index.php\/wp-json\/wp\/v2\/media?parent=13363"}],"curies":[{"name":"wp","href":"https:\/\/api.w.org\/{rel}","templated":true}]}}