{"id":13620,"date":"2022-08-24T17:27:22","date_gmt":"2022-08-24T17:27:22","guid":{"rendered":"https:\/\/familiari.agmonk.info\/?page_id=13620"},"modified":"2022-08-24T17:53:25","modified_gmt":"2022-08-24T17:53:25","slug":"cirurgia-do-siso","status":"publish","type":"page","link":"https:\/\/familiari.agmonk.info\/index.php\/cirurgia-do-siso\/","title":{"rendered":"Cirurgia do Siso"},"content":{"rendered":"<p>[vc_section full_width=&#8221;stretch_row&#8221; pix_over_visibility=&#8221;&#8221; bottom_divider_select=&#8221;20&#8243; b_has_animation=&#8221;true&#8221; responsive_css=&#8221;{&#8220;pix_res_sm_pt&#8220;:&#8220;20&#8220;,&#8220;pix_res_sm_pb&#8220;:&#8220;20&#8220;,&#8220;pix_res_md_pt&#8220;:&#8220;40&#8220;,&#8220;pix_res_md_pb&#8220;:&#8220;40&#8220;}&#8221; css=&#8221;.vc_custom_1661361428346{padding-top: 50px !important;padding-bottom: 50px !important;background-color: #e8fcef !important;}&#8221;][vc_row full_width=&#8221;stretch_row&#8221; content_placement=&#8221;middle&#8221; pix_particles_check=&#8221;&#8221; css=&#8221;.vc_custom_1661360845413{padding-top: 0px !important;}&#8221;][vc_column width=&#8221;1\/2&#8243; css=&#8221;.vc_custom_1604715604745{padding-top: 20px !important;padding-bottom: 20px !important;}&#8221;]<div id=\"el1603925735052-9e8ebf61-2524\" class=\"text-left  vc_custom_1661363599612\"><h2 class=\"text-heading-default\"  data-anim-type=\"\" data-anim-delay=\"0\"><span class=\"font-weight-normal  heading-font\">Cirurgia do <\/span><span class=\"pix-highlighted-text  font-weight-normal  font-weight-bold heading-font animate-in\" data-anim-type=\"highlight-grow\" data-anim-delay=\"200\">Siso<\/span><\/h2><\/div><div class=\"pix-el-text slide-in-container2 w-100   vc_custom_1661362783614\" ><p class=\"text-20  text-body-default  \" >O dente do siso \u00e9 conhecido por causar problemas, seja pela dificuldade da higieniza\u00e7\u00e3o ou por falta de espa\u00e7o para o nascimento desse dente. Por isso, quando o siso come\u00e7a a nascer \u00e9 importante visitar um dentista para que este avalie a necessidade da extra\u00e7\u00e3o. Nosso diretor cl\u00ednico, Dr. Carlos Mecca, \u00e9 especialista e mestre em Cirurgia Buco Maxilo Facial, que \u00e9 a \u00e1rea com o conhecimento adequado para a extra\u00e7\u00e3o do siso.<\/p><\/div>[\/vc_column][vc_column width=&#8221;1\/2&#8243;]<div class=\"d-inline-block \" ><div class=\"animate-in  d-inline-block\" data-anim-type=\"fade-in-up\" data-anim-delay=\"0\"><div class=\"tilt\"><div class=\"pix-img-el    scale-inverse-sm text-left d-inline-block  w-100 rounded-0\"  ><img loading=\"lazy\" decoding=\"async\" class=\"card-img2 pix-img-elem rounded-0  h-1002\" style=\"height:auto;\" width=\"802\" height=\"519\" srcset=\"https:\/\/familiari.agmonk.info\/wp-content\/uploads\/2022\/08\/3.jpg 802w, https:\/\/familiari.agmonk.info\/wp-content\/uploads\/2022\/08\/3-300x194.jpg 300w, https:\/\/familiari.agmonk.info\/wp-content\/uploads\/2022\/08\/3-768x497.jpg 768w\" sizes=\"auto, (max-width: 802px) 100vw, 802px\" src=\"https:\/\/familiari.agmonk.info\/wp-content\/uploads\/2022\/08\/3.jpg\" alt=\"\" \/><\/div><\/div><\/div><\/div>[\/vc_column][\/vc_row][\/vc_section][vc_row css_animation=&#8221;bounceInLeft&#8221; pix_bg_grdient=&#8221;bg-gradient-primary&#8221; pix_particles_check=&#8221;&#8221; pix_visibility=&#8221;1&#8243; css=&#8221;.vc_custom_1661361334911{padding-top: 20px !important;padding-bottom: 40px !important;}&#8221;][vc_column]<div class=\"container\"><div class=\"row justify-content-center\"><div class=\"col bg-white2 rounded-lg2  vc_custom_1661361385753 animate-in w-100 m-32 p-42 pix-py-30 col-sm-auto d-md-flex align-items-center text-center text-sm-left justify-content-between2\" style=\"z-index:11;\" data-anim-delay=\"0\" data-anim-type=\"fade-in-up\"><div class=\"mr-md-5\"><h4 class=\"d-block mr-md-3 mb-md-0 mb-md-0 font-weight-bold text-white font-weight-bold text-white\" style=\"\">Entre em contato com a Familiari<\/h4><span class=\"d-block mr-md-3 mb-md-0 mb-md-0 pix-mt-10  text-18 text-yellow\" style=\"\">Fale com nossa equipe para agendar um atendimento<\/span><\/div><div class=\"flex-fill mt-4 mt-sm-0 mt-md-0 text-md-right flex-grow-1\" style=\"min-width:250px;max-width:100%;\"><a  href=\"https:\/\/api.whatsapp.com\/send\/?phone=554498455958&amp;text&amp;app_absent=0\" class=\"btn mb-0     shadow-inverse-hover-lg  bg-dark-opacity-3 btn-primary btn-custom-bg  d-inline-block pix-hover-item       animate-in btn-lg\" target=\"_blank\" rel=\"noopener\"  data-anim-type=\"fade-in-up\" data-anim-delay=\"0\" ><i class=\"font-weight-bold pixicon-whatsapp2  pix-hover-left  mr-1\"><\/i> <span class=\"font-weight-bold \" >Fale Conosco<\/span><\/a><\/div><\/div><\/div><\/div>[\/vc_column][\/vc_row]<\/p>\n","protected":false},"excerpt":{"rendered":"[vc_section full_width=&#8221;stretch_row&#8221; pix_over_visibility=&#8221;&#8221; bottom_divider_select=&#8221;20&#8243; b_has_animation=&#8221;true&#8221; responsive_css=&#8221;{&#8220;pix_res_sm_pt&#8220;:&#8220;20&#8220;,&#8220;pix_res_sm_pb&#8220;:&#8220;20&#8220;,&#8220;pix_res_md_pt&#8220;:&#8220;40&#8220;,&#8220;pix_res_md_pb&#8220;:&#8220;40&#8220;}&#8221; css=&#8221;.vc_custom_1661361428346{padding-top: 50px !important;padding-bottom: 50px !important;background-color: #e8fcef !important;}&#8221;][vc_row full_width=&#8221;stretch_row&#8221; content_placement=&#8221;middle&#8221; pix_particles_check=&#8221;&#8221; css=&#8221;.vc_custom_1661360845413{padding-top: 0px !important;}&#8221;][vc_column width=&#8221;1\/2&#8243; css=&#8221;.vc_custom_1604715604745{padding-top: 20px !important;padding-bottom: 20px !important;}&#8221;][\/vc_column][vc_column width=&#8221;1\/2&#8243;][\/vc_column][\/vc_row][\/vc_section][vc_row css_animation=&#8221;bounceInLeft&#8221; pix_bg_grdient=&#8221;bg-gradient-primary&#8221; pix_particles_check=&#8221;&#8221; pix_visibility=&#8221;1&#8243; css=&#8221;.vc_custom_1661361334911{padding-top: 20px !important;padding-bottom: 40px !important;}&#8221;][vc_column][\/vc_column][\/vc_row]","protected":false},"author":1,"featured_media":0,"parent":0,"menu_order":0,"comment_status":"closed","ping_status":"closed","template":"","meta":{"footnotes":""},"class_list":["post-13620","page","type-page","status-publish","hentry"],"_links":{"self":[{"href":"https:\/\/familiari.agmonk.info\/index.php\/wp-json\/wp\/v2\/pages\/13620","targetHints":{"allow":["GET"]}}],"collection":[{"href":"https:\/\/familiari.agmonk.info\/index.php\/wp-json\/wp\/v2\/pages"}],"about":[{"href":"https:\/\/familiari.agmonk.info\/index.php\/wp-json\/wp\/v2\/types\/page"}],"author":[{"embeddable":true,"href":"https:\/\/familiari.agmonk.info\/index.php\/wp-json\/wp\/v2\/users\/1"}],"replies":[{"embeddable":true,"href":"https:\/\/familiari.agmonk.info\/index.php\/wp-json\/wp\/v2\/comments?post=13620"}],"version-history":[{"count":3,"href":"https:\/\/familiari.agmonk.info\/index.php\/wp-json\/wp\/v2\/pages\/13620\/revisions"}],"predecessor-version":[{"id":13665,"href":"https:\/\/familiari.agmonk.info\/index.php\/wp-json\/wp\/v2\/pages\/13620\/revisions\/13665"}],"wp:attachment":[{"href":"https:\/\/familiari.agmonk.info\/index.php\/wp-json\/wp\/v2\/media?parent=13620"}],"curies":[{"name":"wp","href":"https:\/\/api.w.org\/{rel}","templated":true}]}}