{"id":2,"date":"2022-01-27T21:27:15","date_gmt":"2022-01-27T21:27:15","guid":{"rendered":"https:\/\/familiari.agmonk.info\/?page_id=2"},"modified":"2022-09-08T18:36:28","modified_gmt":"2022-09-08T18:36:28","slug":"equipe","status":"publish","type":"page","link":"https:\/\/familiari.agmonk.info\/index.php\/equipe\/","title":{"rendered":"Equipe"},"content":{"rendered":"<p>[vc_section full_width=&#8221;stretch_row&#8221; pix_over_visibility=&#8221;&#8221; css=&#8221;.vc_custom_1645822764600{padding-top: 10px !important;padding-bottom: 80px !important;background-color: #ffffff !important;}&#8221;][vc_row content_placement=&#8221;middle&#8221; pix_particles_check=&#8221;&#8221; css=&#8221;.vc_custom_1645822796374{padding-bottom: 30px !important;}&#8221;][vc_column content_align=&#8221;text-center&#8221; css=&#8221;.vc_custom_1590551193189{padding-right: 30px !important;padding-left: 30px !important;}&#8221;]<div id=\"el1645732723408-9d141db1-ca24\" class=\"mb-3 text-center \"><h2 class=\"mb-32 pix-sliding-headline font-weight-bold secondary-font\" data-class=\"secondary-font text-heading-default\" data-style=\"\">Conhe\u00e7a nossa equipe<\/h2><\/div><div class=\"pix-el-text slide-in-container2 w-100 text-center  vc_custom_1662662170593\" ><div class=\"d-inline-block\" style=\"max-width:600px;\"><p class=\"text-20  text-gray-7 text-center \" ><span class=\"animate-in d-inline-block\" data-anim-delay=\"900\" data-anim-type=\"fade-in-up\">Nossa equipe \u00e9 qualificada para cuidar da sua sa\u00fade e melhorar sua qualidade de vida. Queremos contribuir com o sorriso das fam\u00edlias.<\/span><\/p><\/div><\/div>[\/vc_column][\/vc_row][vc_row full_width=&#8221;stretch_row&#8221; content_placement=&#8221;middle&#8221; pix_particles_check=&#8221;&#8221;][vc_column width=&#8221;1\/2&#8243;]<div class=\"card pix-hover-item  vc_custom_1662662113407 shadow-lg shadow-hover-lg fly-sm hover-bg text-left rounded-lg bg-custom d-flex align-items-end pix-team-card big-card \" style=\"background:#1d519a;\" ><img decoding=\"async\" src=\"https:\/\/familiari.agmonk.info\/wp-content\/uploads\/2022\/09\/5a624e5c-9ce9-4d27-96dc-d7d3db2228235e4-1.jpg\" srcset=\"https:\/\/familiari.agmonk.info\/wp-content\/uploads\/2022\/09\/5a624e5c-9ce9-4d27-96dc-d7d3db2228235e4-1-300x249.jpg 300w, https:\/\/familiari.agmonk.info\/wp-content\/uploads\/2022\/09\/5a624e5c-9ce9-4d27-96dc-d7d3db2228235e4-1.jpg 434w\" sizes=\"(max-width: 434px) 100vw, 434px\" class=\"card-img pix-opacity-4\" alt=\"...\"><div class=\"card-img-overlay d-flex flex-column justify-content-end\"><h2 class=\"pix-member-name card-title mb-0 font-weight-bold  secondary-font text-white animate-in\" style=\"\" data-anim-type=\"fade-in-up\" data-anim-delay=\"200\">Carlos Mecca<\/h2><h6 class=\"pix-member-title font-weight-bold   text-light-opacity-7 mb-2 animate-in\" style=\"\" data-anim-type=\"fade-in-up\" data-anim-delay=\"300\">Diretor Cl\u00ednico<\/h6><p class=\"pix-member-desc p-0 animate-in text-light-opacity-5 \"  data-anim-type=\"fade-in-up\" data-anim-delay=\"400\">Cirurgi\u00e3o Buco-Maxilo-Facial |<br \/>\nCRO-PR 20.155 | Respons\u00e1vel T\u00e9cnico |<br \/>\ndrcarlosmecca@familiariodontologia.com<\/p><div class=\"font-weight-bold pix-social animate-in\" data-anim-type=\"fade-in-up\" data-anim-delay=\"700\"><div class=\"text-white  pix-social-icons font-weight-bold d-inline-block \" style=\"\"><a  href=\"https:\/\/www.linkedin.com\/in\/carlos-mecca-250154108\/\" aria-label=\"\" class=\"text-white animate-in d-inline-block fly-sm text-24 px-2\" data-anim-type=\"fade-in-up\" data-anim-delay=\"600\"><i class=\"pixicon-linkedin\" style=\"\"><\/i><\/a><a target=\"_blank\" href=\"https:\/\/www.instagram.com\/carlos_mecca\/\" aria-label=\"\" class=\"text-white animate-in d-inline-block fly-sm text-24 px-2\" data-anim-type=\"fade-in-up\" data-anim-delay=\"700\"><i class=\"pixicon-instagram2\" style=\"\"><\/i><\/a><\/div><\/div><\/div><\/div>[\/vc_column][vc_column width=&#8221;1\/2&#8243;]<div class=\"pix-el-text slide-in-container2 w-100  \" ><div class=\"d-inline-block\" style=\"max-width:500px;\"><p class=\"text-18  text-gray-7  \" ><span class=\"animate-in d-inline-block\" data-anim-delay=\"1000\" data-anim-type=\"fade-in-up\">N\u00e3o \u00e9 s\u00f3 o sorriso bonito que ofere\u00e7o, \u00e9 uma vida com mais tranquilidade e bem-estar, por isso que digo que a Familiari Odontologia quer contribuir com o sorriso das fam\u00edlias! Isso me impulsiona a melhorar a cada dia.<\/span><\/p><\/div><\/div><div class=\"pix-el-text slide-in-container2 w-100  \" ><div class=\"d-inline-block\" style=\"max-width:500px;\"><p class=\"text-18  text-gray-7  \" ><span class=\"animate-in d-inline-block\" data-anim-delay=\"1000\" data-anim-type=\"fade-in-up\">Tenho mais de 10 anos de experi\u00eancia na \u00e1rea, sou cirurgi\u00e3o-dentista pela UNIVERSIDADE FEDERAL DO PARAN\u00c1 (UFPR). Fiz especializa\u00e7\u00e3o e mestrado em Cirurgia e Traumatologia-Buco-Maxilofacial e sou P\u00f3s-Graduado em DTM e dor Orofacial, assim como sou P\u00f3s-Graduado em Cirurgias Periodontais. Atualmente, sou diretor e cirurgi\u00e3o Traumatologista Buco-Maxilofacial da Santa Casa de Campo Mour\u00e3o. Minha cl\u00ednica \u00e9 refer\u00eancia em Implantes Dent\u00e1rios e conto com uma equipe de excel\u00eancia para atender voc\u00ea.<\/span><\/p><\/div><\/div>[\/vc_column][\/vc_row][\/vc_section][vc_section full_width=&#8221;stretch_row&#8221; pix_over_visibility=&#8221;&#8221; css=&#8221;.vc_custom_1645822625000{padding-bottom: 80px !important;background-color: #ffffff !important;}&#8221;][vc_row content_placement=&#8221;middle&#8221; pix_over_visibility=&#8221;2&#8243; pix_particles_check=&#8221;&#8221; css=&#8221;.vc_custom_1645822662422{padding-bottom: 40px !important;border-radius: 10px !important;}&#8221;][vc_column width=&#8221;1\/3&#8243; pix_particles_check=&#8221;1&#8243; pix_particles=&#8221;%5B%7B%22h_position%22%3A%22left%22%2C%22horizontal%22%3A%220%22%2C%22v_position%22%3A%22top%22%2C%22vertical%22%3A%220%22%2C%22pix_particles_type%22%3A%22scroll_parallax%22%2C%22pix_particles_type_2%22%3A%22mouse_parallax%22%2C%22pix_particles_type_3%22%3A%22scroll_rotate%22%2C%22depth%22%3A%220.2%22%2C%22xaxis%22%3A%22100%22%2C%22yaxis%22%3A%220%22%2C%22rotation_speed%22%3A%22300%22%2C%22pix_inverse_rotation%22%3A%22scroll_inverse%22%2C%22pix_infinite_speed%22%3A%22pix-duration-fast%22%2C%22hide%22%3A%22true%22%7D%5D&#8221;]<div class=\" text-center animate-in\" style=\"position:relative\" data-anim-type=\"fade-in-up\" data-anim-delay=\"0\"><div class=\"card-body text-center\"><div class=\"mb-2\" ><div class=\"animate-in d-inline-block\" data-anim-type=\"fade-in-up\" data-anim-delay=\"0\"><div class=\"pix-story d-inline-block \"  ><div class=\"story-img pix-bg-attachment-scroll pix-bg-custom bg-primary center d-inline-block\" ><img loading=\"lazy\" decoding=\"async\" width=\"160\" height=\"160\" src=\"https:\/\/familiari.agmonk.info\/wp-content\/uploads\/2022\/09\/5a624e5c-9ce9-4d27-96dc-d7d3db8235e4-1-300x300.jpg\" class=\"rounded-circle bg-white pix-fit-cover img-fluid hover-effect \" alt=\"Dra. L\u00edvia Sette Masson\" style=\"width:160px;height:160px;\" srcset=\"https:\/\/familiari.agmonk.info\/wp-content\/uploads\/2022\/09\/5a624e5c-9ce9-4d27-96dc-d7d3db8235e4-1-300x300.jpg 300w, https:\/\/familiari.agmonk.info\/wp-content\/uploads\/2022\/09\/5a624e5c-9ce9-4d27-96dc-d7d3db8235e4-1-1024x1024.jpg 1024w, https:\/\/familiari.agmonk.info\/wp-content\/uploads\/2022\/09\/5a624e5c-9ce9-4d27-96dc-d7d3db8235e4-1-150x150.jpg 150w, https:\/\/familiari.agmonk.info\/wp-content\/uploads\/2022\/09\/5a624e5c-9ce9-4d27-96dc-d7d3db8235e4-1-768x768.jpg 768w, https:\/\/familiari.agmonk.info\/wp-content\/uploads\/2022\/09\/5a624e5c-9ce9-4d27-96dc-d7d3db8235e4-1-400x400.jpg 400w, https:\/\/familiari.agmonk.info\/wp-content\/uploads\/2022\/09\/5a624e5c-9ce9-4d27-96dc-d7d3db8235e4-1-75x75.jpg 75w, https:\/\/familiari.agmonk.info\/wp-content\/uploads\/2022\/09\/5a624e5c-9ce9-4d27-96dc-d7d3db8235e4-1-460x460.jpg 460w, https:\/\/familiari.agmonk.info\/wp-content\/uploads\/2022\/09\/5a624e5c-9ce9-4d27-96dc-d7d3db8235e4-1.jpg 1080w\" sizes=\"auto, (max-width: 160px) 100vw, 160px\" \/><\/div><\/div><\/div><\/div><div class=\"text-center\"><h5 class=\"pix-member-name card-title mb-3 font-weight-bold   text-heading-default animate-in\" style=\"\" data-anim-type=\"fade-in-up\" data-anim-delay=\"0\">Dra. L\u00edvia Sette Masson<\/h5><h4 class=\"pix-member-title mb-3    text-primary animate-in\" style=\"font-size:16px;\" data-anim-type=\"fade-in-up\" data-anim-delay=\"100\"><strong>Ortodontia | CRO:27568<\/strong><\/h4><p class=\"pix-member-desc p-0 animate-in text-body-default \"  data-anim-type=\"fade-in-up\" data-anim-delay=\"200\">\u201cFui escolhida pela Odontologia  antes de t\u00ea-la escolhido. N\u00e3o me vejo em qualquer outra fun\u00e7\u00e3o sen\u00e3o sendo dentista! Quanto \u00e0 Ortodontia, foi amor \u00e0 primeira vista, desde a faculdade. Devolver sorrisos, remover a dor e aumentar a autoestima de pacientes \u00e9 o que me motiva diariamente.\u201d<\/p><\/div><\/div><\/div>[\/vc_column][vc_column width=&#8221;1\/3&#8243;]<div class=\" text-center animate-in\" style=\"position:relative\" data-anim-type=\"fade-in-up\" data-anim-delay=\"0\"><div class=\"card-body text-center\"><div class=\"mb-2\" ><div class=\"animate-in d-inline-block\" data-anim-type=\"fade-in-up\" data-anim-delay=\"0\"><div class=\"pix-story d-inline-block \"  ><div class=\"story-img pix-bg-attachment-scroll pix-bg-custom bg-secondary center d-inline-block\" ><img loading=\"lazy\" decoding=\"async\" width=\"160\" height=\"160\" src=\"https:\/\/familiari.agmonk.info\/wp-content\/uploads\/2022\/09\/3d2f0ef2-ab75-44f8-9ccc-970f8f7ae831-1-300x300.jpg\" class=\"rounded-circle bg-white pix-fit-cover img-fluid hover-effect \" alt=\"Dra. Renata Sevidanis\" style=\"width:160px;height:160px;\" srcset=\"https:\/\/familiari.agmonk.info\/wp-content\/uploads\/2022\/09\/3d2f0ef2-ab75-44f8-9ccc-970f8f7ae831-1-300x300.jpg 300w, https:\/\/familiari.agmonk.info\/wp-content\/uploads\/2022\/09\/3d2f0ef2-ab75-44f8-9ccc-970f8f7ae831-1-1024x1024.jpg 1024w, https:\/\/familiari.agmonk.info\/wp-content\/uploads\/2022\/09\/3d2f0ef2-ab75-44f8-9ccc-970f8f7ae831-1-150x150.jpg 150w, https:\/\/familiari.agmonk.info\/wp-content\/uploads\/2022\/09\/3d2f0ef2-ab75-44f8-9ccc-970f8f7ae831-1-768x768.jpg 768w, https:\/\/familiari.agmonk.info\/wp-content\/uploads\/2022\/09\/3d2f0ef2-ab75-44f8-9ccc-970f8f7ae831-1-400x400.jpg 400w, https:\/\/familiari.agmonk.info\/wp-content\/uploads\/2022\/09\/3d2f0ef2-ab75-44f8-9ccc-970f8f7ae831-1-75x75.jpg 75w, https:\/\/familiari.agmonk.info\/wp-content\/uploads\/2022\/09\/3d2f0ef2-ab75-44f8-9ccc-970f8f7ae831-1-460x460.jpg 460w, https:\/\/familiari.agmonk.info\/wp-content\/uploads\/2022\/09\/3d2f0ef2-ab75-44f8-9ccc-970f8f7ae831-1.jpg 1080w\" sizes=\"auto, (max-width: 160px) 100vw, 160px\" \/><\/div><\/div><\/div><\/div><div class=\"text-center\"><h5 class=\"pix-member-name card-title mb-3 font-weight-bold   text-heading-default animate-in\" style=\"\" data-anim-type=\"fade-in-up\" data-anim-delay=\"0\">Dra. Renata Sevidanis<\/h5><h4 class=\"pix-member-title mb-3    text-secondary animate-in\" style=\"font-size:16px;\" data-anim-type=\"fade-in-up\" data-anim-delay=\"100\"><strong>Cl\u00ednica Geral  | CRO: 28192<\/strong><\/h4><p class=\"pix-member-desc p-0 animate-in text-body-default \"  data-anim-type=\"fade-in-up\" data-anim-delay=\"200\">\u201cA Odontologia \u00e9 a profiss\u00e3o que me fez, e faz, muito feliz! Ela me possibilita unir conhecimento e a\u00e7\u00e3o. Ser dentista \u00e9 ouvir, analisar, planejar, estudar e evoluir a cada desafio que os casos nos trazem. Cuidar da sa\u00fade gengival \u00e9 a base de uma sa\u00fade bucal plena e, atrav\u00e9s da periodontia, constru\u00edmos a base de lindos sorrisos.\u201d<\/p><\/div><\/div><\/div>[\/vc_column][vc_column width=&#8221;1\/3&#8243;]<div class=\" text-center animate-in\" style=\"position:relative\" data-anim-type=\"fade-in-up\" data-anim-delay=\"0\"><div class=\"card-body text-center\"><div class=\"mb-2\" ><div class=\"animate-in d-inline-block\" data-anim-type=\"fade-in-up\" data-anim-delay=\"0\"><div class=\"pix-story d-inline-block \"  ><div class=\"story-img pix-bg-attachment-scroll pix-bg-custom bg-orange center d-inline-block\" ><img loading=\"lazy\" decoding=\"async\" width=\"160\" height=\"160\" src=\"https:\/\/familiari.agmonk.info\/wp-content\/uploads\/2022\/09\/5a624e5c-9ce9-4d27-96d222c-d7d3db8235e4-300x300.jpg\" class=\"rounded-circle bg-white pix-fit-cover img-fluid hover-effect \" alt=\"Dr. Wellington Taques\" style=\"width:160px;height:160px;\" srcset=\"https:\/\/familiari.agmonk.info\/wp-content\/uploads\/2022\/09\/5a624e5c-9ce9-4d27-96d222c-d7d3db8235e4-300x300.jpg 300w, https:\/\/familiari.agmonk.info\/wp-content\/uploads\/2022\/09\/5a624e5c-9ce9-4d27-96d222c-d7d3db8235e4-1024x1024.jpg 1024w, https:\/\/familiari.agmonk.info\/wp-content\/uploads\/2022\/09\/5a624e5c-9ce9-4d27-96d222c-d7d3db8235e4-150x150.jpg 150w, https:\/\/familiari.agmonk.info\/wp-content\/uploads\/2022\/09\/5a624e5c-9ce9-4d27-96d222c-d7d3db8235e4-768x768.jpg 768w, https:\/\/familiari.agmonk.info\/wp-content\/uploads\/2022\/09\/5a624e5c-9ce9-4d27-96d222c-d7d3db8235e4-400x400.jpg 400w, https:\/\/familiari.agmonk.info\/wp-content\/uploads\/2022\/09\/5a624e5c-9ce9-4d27-96d222c-d7d3db8235e4-75x75.jpg 75w, https:\/\/familiari.agmonk.info\/wp-content\/uploads\/2022\/09\/5a624e5c-9ce9-4d27-96d222c-d7d3db8235e4-460x460.jpg 460w, https:\/\/familiari.agmonk.info\/wp-content\/uploads\/2022\/09\/5a624e5c-9ce9-4d27-96d222c-d7d3db8235e4.jpg 1080w\" sizes=\"auto, (max-width: 160px) 100vw, 160px\" \/><\/div><\/div><\/div><\/div><div class=\"text-center\"><h5 class=\"pix-member-name card-title mb-3 font-weight-bold   text-heading-default animate-in\" style=\"\" data-anim-type=\"fade-in-up\" data-anim-delay=\"0\">Dr. Wellington Taques<\/h5><h4 class=\"pix-member-title mb-3    text-orange animate-in\" style=\"font-size:16px;\" data-anim-type=\"fade-in-up\" data-anim-delay=\"100\"><strong>Periodontia  | CRO 21748<\/strong><\/h4><p class=\"pix-member-desc p-0 animate-in text-body-default \"  data-anim-type=\"fade-in-up\" data-anim-delay=\"200\">\u201cA Odontologia \u00e9 a profiss\u00e3o que me fez, e faz, muito feliz! Ela me possibilita unir conhecimento e a\u00e7\u00e3o. Ser dentista \u00e9 ouvir, analisar, planejar, estudar e evoluir a cada desafio que os casos nos trazem. Cuidar da sa\u00fade gengival \u00e9 a base de uma sa\u00fade bucal plena e, atrav\u00e9s da periodontia, constru\u00edmos a base de lindos sorrisos.\u201d<\/p><\/div><\/div><\/div>[\/vc_column][\/vc_row][vc_row content_placement=&#8221;middle&#8221; pix_over_visibility=&#8221;2&#8243; pix_particles_check=&#8221;&#8221; css=&#8221;.vc_custom_1645822649088{padding-bottom: 40px !important;border-radius: 10px !important;}&#8221;][vc_column width=&#8221;1\/3&#8243;]<div class=\" text-center animate-in\" style=\"position:relative\" data-anim-type=\"fade-in-up\" data-anim-delay=\"0\"><div class=\"card-body text-center\"><div class=\"mb-2\" ><div class=\"animate-in d-inline-block\" data-anim-type=\"fade-in-up\" data-anim-delay=\"0\"><div class=\"pix-story d-inline-block \"  ><div class=\"story-img pix-bg-attachment-scroll pix-bg-custom bg-orange center d-inline-block\" ><img loading=\"lazy\" decoding=\"async\" width=\"160\" height=\"160\" src=\"https:\/\/familiari.agmonk.info\/wp-content\/uploads\/2022\/09\/7a9f122a-7ac6-47ce-be53-7f6b415be121-1-300x300.jpg\" class=\"rounded-circle bg-white pix-fit-cover img-fluid hover-effect \" alt=\"Dra. Emily C. Menotti\" style=\"width:160px;height:160px;\" srcset=\"https:\/\/familiari.agmonk.info\/wp-content\/uploads\/2022\/09\/7a9f122a-7ac6-47ce-be53-7f6b415be121-1-300x300.jpg 300w, https:\/\/familiari.agmonk.info\/wp-content\/uploads\/2022\/09\/7a9f122a-7ac6-47ce-be53-7f6b415be121-1-1024x1024.jpg 1024w, https:\/\/familiari.agmonk.info\/wp-content\/uploads\/2022\/09\/7a9f122a-7ac6-47ce-be53-7f6b415be121-1-150x150.jpg 150w, https:\/\/familiari.agmonk.info\/wp-content\/uploads\/2022\/09\/7a9f122a-7ac6-47ce-be53-7f6b415be121-1-768x768.jpg 768w, https:\/\/familiari.agmonk.info\/wp-content\/uploads\/2022\/09\/7a9f122a-7ac6-47ce-be53-7f6b415be121-1-400x400.jpg 400w, https:\/\/familiari.agmonk.info\/wp-content\/uploads\/2022\/09\/7a9f122a-7ac6-47ce-be53-7f6b415be121-1-75x75.jpg 75w, https:\/\/familiari.agmonk.info\/wp-content\/uploads\/2022\/09\/7a9f122a-7ac6-47ce-be53-7f6b415be121-1-460x460.jpg 460w, https:\/\/familiari.agmonk.info\/wp-content\/uploads\/2022\/09\/7a9f122a-7ac6-47ce-be53-7f6b415be121-1.jpg 1080w\" sizes=\"auto, (max-width: 160px) 100vw, 160px\" \/><\/div><\/div><\/div><\/div><div class=\"text-center\"><h5 class=\"pix-member-name card-title mb-3 font-weight-bold   text-heading-default animate-in\" style=\"\" data-anim-type=\"fade-in-up\" data-anim-delay=\"0\">Dra. Emily C. Menotti<\/h5><h4 class=\"pix-member-title mb-3    text-orange animate-in\" style=\"font-size:16px;\" data-anim-type=\"fade-in-up\" data-anim-delay=\"100\"><strong>Cl\u00ednica Geral e Harmoniza\u00e7\u00e3o Facial  | CRO: 30107<\/strong><\/h4><p class=\"pix-member-desc p-0 animate-in text-body-default \"  data-anim-type=\"fade-in-up\" data-anim-delay=\"200\">\u201cEscolhi a Odontologia por sempre me identificar com a \u00e1rea da sa\u00fade e me preocupar em tirar a dor do meu paciente, devolver a autoestima e faz\u00ea-lo voltar a sorrir, isso \u00e9 a minha motiva\u00e7\u00e3o di\u00e1ria. Para mim, ser dentista \u00e9 cuidar com amor e carinho da curva mais bonita de algu\u00e9m.\u201d<\/p><\/div><\/div><\/div>[\/vc_column][vc_column width=&#8221;1\/3&#8243; pix_particles_check=&#8221;1&#8243; pix_particles=&#8221;%5B%7B%22h_position%22%3A%22left%22%2C%22horizontal%22%3A%220%22%2C%22v_position%22%3A%22top%22%2C%22vertical%22%3A%220%22%2C%22pix_particles_type%22%3A%22scroll_parallax%22%2C%22pix_particles_type_2%22%3A%22mouse_parallax%22%2C%22pix_particles_type_3%22%3A%22scroll_rotate%22%2C%22depth%22%3A%220.2%22%2C%22xaxis%22%3A%22100%22%2C%22yaxis%22%3A%220%22%2C%22rotation_speed%22%3A%22300%22%2C%22pix_inverse_rotation%22%3A%22scroll_inverse%22%2C%22pix_infinite_speed%22%3A%22pix-duration-fast%22%2C%22hide%22%3A%22true%22%7D%5D&#8221;]<div class=\" text-center animate-in\" style=\"position:relative\" data-anim-type=\"fade-in-up\" data-anim-delay=\"0\"><div class=\"card-body text-center\"><div class=\"mb-2\" ><div class=\"animate-in d-inline-block\" data-anim-type=\"fade-in-up\" data-anim-delay=\"0\"><div class=\"pix-story d-inline-block \"  ><div class=\"story-img pix-bg-attachment-scroll pix-bg-custom bg-primary center d-inline-block\" ><img loading=\"lazy\" decoding=\"async\" width=\"160\" height=\"160\" src=\"https:\/\/familiari.agmonk.info\/wp-content\/uploads\/2022\/09\/3d2f0ef2-ab75-44f8-9ccc-970f8f7ae222831-300x300.jpg\" class=\"rounded-circle bg-white pix-fit-cover img-fluid hover-effect \" alt=\"Dra.Bruna Milani\" style=\"width:160px;height:160px;\" srcset=\"https:\/\/familiari.agmonk.info\/wp-content\/uploads\/2022\/09\/3d2f0ef2-ab75-44f8-9ccc-970f8f7ae222831-300x300.jpg 300w, https:\/\/familiari.agmonk.info\/wp-content\/uploads\/2022\/09\/3d2f0ef2-ab75-44f8-9ccc-970f8f7ae222831-1024x1024.jpg 1024w, https:\/\/familiari.agmonk.info\/wp-content\/uploads\/2022\/09\/3d2f0ef2-ab75-44f8-9ccc-970f8f7ae222831-150x150.jpg 150w, https:\/\/familiari.agmonk.info\/wp-content\/uploads\/2022\/09\/3d2f0ef2-ab75-44f8-9ccc-970f8f7ae222831-768x768.jpg 768w, https:\/\/familiari.agmonk.info\/wp-content\/uploads\/2022\/09\/3d2f0ef2-ab75-44f8-9ccc-970f8f7ae222831-400x400.jpg 400w, https:\/\/familiari.agmonk.info\/wp-content\/uploads\/2022\/09\/3d2f0ef2-ab75-44f8-9ccc-970f8f7ae222831-75x75.jpg 75w, https:\/\/familiari.agmonk.info\/wp-content\/uploads\/2022\/09\/3d2f0ef2-ab75-44f8-9ccc-970f8f7ae222831-460x460.jpg 460w, https:\/\/familiari.agmonk.info\/wp-content\/uploads\/2022\/09\/3d2f0ef2-ab75-44f8-9ccc-970f8f7ae222831.jpg 1080w\" sizes=\"auto, (max-width: 160px) 100vw, 160px\" \/><\/div><\/div><\/div><\/div><div class=\"text-center\"><h5 class=\"pix-member-name card-title mb-3 font-weight-bold   text-heading-default animate-in\" style=\"\" data-anim-type=\"fade-in-up\" data-anim-delay=\"0\">Dra.Bruna Milani<\/h5><h4 class=\"pix-member-title mb-3    text-primary animate-in\" style=\"font-size:16px;\" data-anim-type=\"fade-in-up\" data-anim-delay=\"100\"><strong>Endodontia | CRO: 26.342<\/strong><\/h4><p class=\"pix-member-desc p-0 animate-in text-body-default \"  data-anim-type=\"fade-in-up\" data-anim-delay=\"200\">\u201cAdmira\u00e7\u00e3o pela Odontologia, principalmente pelos meus dentistas, sempre me vi nessa profiss\u00e3o. \u00c9 uma \u00e1rea muito gratificante, pois, posso devolver o sorriso de algu\u00e9m, a autoestima, aliviar as noites mal dormidas por conta de uma dor de dente. Poder ajudar o pr\u00f3ximo n\u00e3o tem pre\u00e7o!\u201d<\/p><\/div><\/div><\/div>[\/vc_column][vc_column width=&#8221;1\/3&#8243;]<div class=\" text-center animate-in\" style=\"position:relative\" data-anim-type=\"fade-in-up\" data-anim-delay=\"0\"><div class=\"card-body text-center\"><div class=\"mb-2\" ><div class=\"animate-in d-inline-block\" data-anim-type=\"fade-in-up\" data-anim-delay=\"0\"><div class=\"pix-story d-inline-block \"  ><div class=\"story-img pix-bg-attachment-scroll pix-bg-custom bg-secondary center d-inline-block\" ><img loading=\"lazy\" decoding=\"async\" width=\"160\" height=\"160\" src=\"https:\/\/familiari.agmonk.info\/wp-content\/uploads\/2022\/09\/3d2f0ef2-ab72225-44f8-9ccc-970f8f7ae831-300x300.jpg\" class=\"rounded-circle bg-white pix-fit-cover img-fluid hover-effect \" alt=\"Dra. Cris\" style=\"width:160px;height:160px;\" srcset=\"https:\/\/familiari.agmonk.info\/wp-content\/uploads\/2022\/09\/3d2f0ef2-ab72225-44f8-9ccc-970f8f7ae831-300x300.jpg 300w, https:\/\/familiari.agmonk.info\/wp-content\/uploads\/2022\/09\/3d2f0ef2-ab72225-44f8-9ccc-970f8f7ae831-1024x1024.jpg 1024w, https:\/\/familiari.agmonk.info\/wp-content\/uploads\/2022\/09\/3d2f0ef2-ab72225-44f8-9ccc-970f8f7ae831-150x150.jpg 150w, https:\/\/familiari.agmonk.info\/wp-content\/uploads\/2022\/09\/3d2f0ef2-ab72225-44f8-9ccc-970f8f7ae831-768x768.jpg 768w, https:\/\/familiari.agmonk.info\/wp-content\/uploads\/2022\/09\/3d2f0ef2-ab72225-44f8-9ccc-970f8f7ae831-400x400.jpg 400w, https:\/\/familiari.agmonk.info\/wp-content\/uploads\/2022\/09\/3d2f0ef2-ab72225-44f8-9ccc-970f8f7ae831-75x75.jpg 75w, https:\/\/familiari.agmonk.info\/wp-content\/uploads\/2022\/09\/3d2f0ef2-ab72225-44f8-9ccc-970f8f7ae831-460x460.jpg 460w, https:\/\/familiari.agmonk.info\/wp-content\/uploads\/2022\/09\/3d2f0ef2-ab72225-44f8-9ccc-970f8f7ae831.jpg 1080w\" sizes=\"auto, (max-width: 160px) 100vw, 160px\" \/><\/div><\/div><\/div><\/div><div class=\"text-center\"><h5 class=\"pix-member-name card-title mb-3 font-weight-bold   text-heading-default animate-in\" style=\"\" data-anim-type=\"fade-in-up\" data-anim-delay=\"0\">Dra. Cris<\/h5><h4 class=\"pix-member-title mb-3    text-secondary animate-in\" style=\"font-size:16px;\" data-anim-type=\"fade-in-up\" data-anim-delay=\"100\"><strong>Odontopediatria | CRO: 9187<\/strong><\/h4><p class=\"pix-member-desc p-0 animate-in text-body-default \"  data-anim-type=\"fade-in-up\" data-anim-delay=\"200\">\u201cTer a  Odontopediatria como profiss\u00e3o \u00e9 muito mais do que contribuir com a sa\u00fade bucal de cada paciente. \u00c9 cuidar do bem maior de tantas pessoas e se tornar parte da vida delas. Com elas aprendo um pouco todos os dias e recebo muito mais do que jamais poderei dar.\u201d<\/p><\/div><\/div><\/div>[\/vc_column][\/vc_row][\/vc_section]<\/p>\n","protected":false},"excerpt":{"rendered":"[vc_section full_width=&#8221;stretch_row&#8221; pix_over_visibility=&#8221;&#8221; css=&#8221;.vc_custom_1645822764600{padding-top: 10px !important;padding-bottom: 80px !important;background-color: #ffffff !important;}&#8221;][vc_row content_placement=&#8221;middle&#8221; pix_particles_check=&#8221;&#8221; css=&#8221;.vc_custom_1645822796374{padding-bottom: 30px !important;}&#8221;][vc_column content_align=&#8221;text-center&#8221; css=&#8221;.vc_custom_1590551193189{padding-right: 30px !important;padding-left: 30px !important;}&#8221;][\/vc_column][\/vc_row][vc_row full_width=&#8221;stretch_row&#8221; content_placement=&#8221;middle&#8221; pix_particles_check=&#8221;&#8221;][vc_column width=&#8221;1\/2&#8243;][\/vc_column][vc_column width=&#8221;1\/2&#8243;][\/vc_column][\/vc_row][\/vc_section][vc_section full_width=&#8221;stretch_row&#8221; pix_over_visibility=&#8221;&#8221; css=&#8221;.vc_custom_1645822625000{padding-bottom: 80px !important;background-color: #ffffff !important;}&#8221;][vc_row content_placement=&#8221;middle&#8221; pix_over_visibility=&#8221;2&#8243; pix_particles_check=&#8221;&#8221; css=&#8221;.vc_custom_1645822662422{padding-bottom: 40px !important;border-radius: 10px&#8230;","protected":false},"author":1,"featured_media":0,"parent":0,"menu_order":0,"comment_status":"closed","ping_status":"open","template":"","meta":{"footnotes":""},"class_list":["post-2","page","type-page","status-publish","hentry"],"_links":{"self":[{"href":"https:\/\/familiari.agmonk.info\/index.php\/wp-json\/wp\/v2\/pages\/2","targetHints":{"allow":["GET"]}}],"collection":[{"href":"https:\/\/familiari.agmonk.info\/index.php\/wp-json\/wp\/v2\/pages"}],"about":[{"href":"https:\/\/familiari.agmonk.info\/index.php\/wp-json\/wp\/v2\/types\/page"}],"author":[{"embeddable":true,"href":"https:\/\/familiari.agmonk.info\/index.php\/wp-json\/wp\/v2\/users\/1"}],"replies":[{"embeddable":true,"href":"https:\/\/familiari.agmonk.info\/index.php\/wp-json\/wp\/v2\/comments?post=2"}],"version-history":[{"count":24,"href":"https:\/\/familiari.agmonk.info\/index.php\/wp-json\/wp\/v2\/pages\/2\/revisions"}],"predecessor-version":[{"id":13692,"href":"https:\/\/familiari.agmonk.info\/index.php\/wp-json\/wp\/v2\/pages\/2\/revisions\/13692"}],"wp:attachment":[{"href":"https:\/\/familiari.agmonk.info\/index.php\/wp-json\/wp\/v2\/media?parent=2"}],"curies":[{"name":"wp","href":"https:\/\/api.w.org\/{rel}","templated":true}]}}